{"id":3951,"date":"2018-12-22T16:58:22","date_gmt":"2018-12-22T15:58:22","guid":{"rendered":"http:\/\/forbacsa.com\/contacta\/"},"modified":"2019-02-17T12:22:43","modified_gmt":"2019-02-17T11:22:43","slug":"contacta","status":"publish","type":"page","link":"https:\/\/forbacsa.com\/es\/contacta\/","title":{"rendered":"Contacta"},"content":{"rendered":"\t\t<div data-elementor-type=\"wp-post\" data-elementor-id=\"3951\" class=\"elementor elementor-3951 elementor-3111 elementor-bc-flex-widget\" data-elementor-settings=\"[]\">\n\t\t\t\t\t\t<div class=\"elementor-inner\">\n\t\t\t\t\t\t\t<div class=\"elementor-section-wrap\">\n\t\t\t\t\t\t\t<section class=\"elementor-section elementor-top-section elementor-element elementor-element-78b7abdc elementor-section-boxed elementor-section-height-default elementor-section-height-default\" data-id=\"78b7abdc\" data-element_type=\"section\">\n\t\t\t\t\t\t<div class=\"elementor-container elementor-column-gap-default\">\n\t\t\t\t\t\t\t<div class=\"elementor-row\">\n\t\t\t\t\t<div class=\"elementor-column elementor-col-100 elementor-top-column elementor-element elementor-element-439391e4\" data-id=\"439391e4\" data-element_type=\"column\">\n\t\t\t<div class=\"elementor-column-wrap elementor-element-populated\">\n\t\t\t\t\t\t\t<div class=\"elementor-widget-wrap\">\n\t\t\t\t\t\t<div class=\"elementor-element elementor-element-da6fe1a elementor-widget elementor-widget-google_maps\" data-id=\"da6fe1a\" data-element_type=\"widget\" data-widget_type=\"google_maps.default\">\n\t\t\t\t<div class=\"elementor-widget-container\">\n\t\t\t<div class=\"elementor-custom-embed\"><iframe frameborder=\"0\" scrolling=\"no\" marginheight=\"0\" marginwidth=\"0\" src=\"https:\/\/maps.google.com\/maps?q=Avinguda%20de%20Balmes%2C%2023%2C%2025006%20Lleida&amp;t=m&amp;z=15&amp;output=embed&amp;iwloc=near\" title=\"Avinguda de Balmes, 23, 25006 Lleida\" aria-label=\"Avinguda de Balmes, 23, 25006 Lleida\"><\/iframe><\/div>\t\t<\/div>\n\t\t\t\t<\/div>\n\t\t\t\t\t\t<\/div>\n\t\t\t\t\t<\/div>\n\t\t<\/div>\n\t\t\t\t\t\t\t\t<\/div>\n\t\t\t\t\t<\/div>\n\t\t<\/section>\n\t\t\t\t<section class=\"elementor-section elementor-top-section elementor-element elementor-element-48106880 elementor-section-boxed elementor-section-height-default elementor-section-height-default\" data-id=\"48106880\" data-element_type=\"section\">\n\t\t\t\t\t\t<div class=\"elementor-container elementor-column-gap-default\">\n\t\t\t\t\t\t\t<div class=\"elementor-row\">\n\t\t\t\t\t<div class=\"elementor-column elementor-col-33 elementor-top-column elementor-element elementor-element-5c5c957a\" data-id=\"5c5c957a\" data-element_type=\"column\">\n\t\t\t<div class=\"elementor-column-wrap elementor-element-populated\">\n\t\t\t\t\t\t\t<div class=\"elementor-widget-wrap\">\n\t\t\t\t\t\t<div class=\"elementor-element elementor-element-76253bf0 elementor-widget-divider--view-line elementor-widget elementor-widget-divider\" data-id=\"76253bf0\" data-element_type=\"widget\" data-widget_type=\"divider.default\">\n\t\t\t\t<div class=\"elementor-widget-container\">\n\t\t\t\t\t<div class=\"elementor-divider\">\n\t\t\t<span class=\"elementor-divider-separator\">\n\t\t\t\t\t\t<\/span>\n\t\t<\/div>\n\t\t\t\t<\/div>\n\t\t\t\t<\/div>\n\t\t\t\t<div class=\"elementor-element elementor-element-3c739a5b elementor-widget elementor-widget-spacer\" data-id=\"3c739a5b\" data-element_type=\"widget\" data-widget_type=\"spacer.default\">\n\t\t\t\t<div class=\"elementor-widget-container\">\n\t\t\t\t\t<div class=\"elementor-spacer\">\n\t\t\t<div class=\"elementor-spacer-inner\"><\/div>\n\t\t<\/div>\n\t\t\t\t<\/div>\n\t\t\t\t<\/div>\n\t\t\t\t<div class=\"elementor-element elementor-element-38f7b189 elementor-widget elementor-widget-heading\" data-id=\"38f7b189\" data-element_type=\"widget\" data-widget_type=\"heading.default\">\n\t\t\t\t<div class=\"elementor-widget-container\">\n\t\t\t<h5 class=\"elementor-heading-title elementor-size-default\">Informaci\u00f3n de contacto<\/h5>\t\t<\/div>\n\t\t\t\t<\/div>\n\t\t\t\t<div class=\"elementor-element elementor-element-4b37ca64 elementor-widget elementor-widget-spacer\" data-id=\"4b37ca64\" data-element_type=\"widget\" data-widget_type=\"spacer.default\">\n\t\t\t\t<div class=\"elementor-widget-container\">\n\t\t\t\t\t<div class=\"elementor-spacer\">\n\t\t\t<div class=\"elementor-spacer-inner\"><\/div>\n\t\t<\/div>\n\t\t\t\t<\/div>\n\t\t\t\t<\/div>\n\t\t\t\t<div class=\"elementor-element elementor-element-4918a28 elementor-widget elementor-widget-wp-widget-buildwall_contact_information_widget\" data-id=\"4918a28\" data-element_type=\"widget\" data-widget_type=\"wp-widget-buildwall_contact_information_widget.default\">\n\t\t\t\t<div class=\"elementor-widget-container\">\n\t\t\t<ul class=\"contact-information-widget__inner\">\r\n<li class=\"contact-information__item contact-information__item--icon\">\r\n\t<span class=\"icon nc-icon-outline location_pin\"><\/span>\t<h6>Visita Forbacsa<\/h6><p>Direcci\u00f3n: Avenida Balmes, 23 4\u00ba 1\u00aa<\/p> <p>25006, Lleida<\/p><\/li>\r\n\r\n<li class=\"contact-information__item contact-information__item--icon\">\r\n\t<span class=\"icon nc-icon-outline tech_mobile-camera\"><\/span>\t<h6>\u00bfTienes preguntas? Te escuchamos <\/h6><p>+34 973 24 93 29<\/p><\/li>\r\n\r\n<li class=\"contact-information__item contact-information__item--icon\">\r\n\t<span class=\"icon nc-icon-outline ui-2_time-clock\"><\/span>\t<h6>Horario de oficina<\/h6><p>Lunes \u2013 Viernes: 08:00h\u201319:00h<\/p><\/li>\r\n\r\n<li class=\"contact-information__item contact-information__item--icon\">\r\n\t<span class=\"icon nc-icon-outline ui-1_email-84\"><\/span>\t<h6>Contacta con nosotros<\/h6><p>E-mail: <a href=\"mailto:forbacsa@forbacsa.com\">forbacsa@forbacsa.com<\/a><\/p><\/li>\r\n<\/ul>\t\t<\/div>\n\t\t\t\t<\/div>\n\t\t\t\t\t\t<\/div>\n\t\t\t\t\t<\/div>\n\t\t<\/div>\n\t\t\t\t<div class=\"elementor-column elementor-col-66 elementor-top-column elementor-element elementor-element-526ef48f\" data-id=\"526ef48f\" data-element_type=\"column\">\n\t\t\t<div class=\"elementor-column-wrap elementor-element-populated\">\n\t\t\t\t\t\t\t<div class=\"elementor-widget-wrap\">\n\t\t\t\t\t\t<div class=\"elementor-element elementor-element-66fbdd8a elementor-widget-divider--view-line elementor-widget elementor-widget-divider\" data-id=\"66fbdd8a\" data-element_type=\"widget\" data-widget_type=\"divider.default\">\n\t\t\t\t<div class=\"elementor-widget-container\">\n\t\t\t\t\t<div class=\"elementor-divider\">\n\t\t\t<span class=\"elementor-divider-separator\">\n\t\t\t\t\t\t<\/span>\n\t\t<\/div>\n\t\t\t\t<\/div>\n\t\t\t\t<\/div>\n\t\t\t\t<div class=\"elementor-element elementor-element-29e29afb elementor-widget elementor-widget-spacer\" data-id=\"29e29afb\" data-element_type=\"widget\" data-widget_type=\"spacer.default\">\n\t\t\t\t<div class=\"elementor-widget-container\">\n\t\t\t\t\t<div class=\"elementor-spacer\">\n\t\t\t<div class=\"elementor-spacer-inner\"><\/div>\n\t\t<\/div>\n\t\t\t\t<\/div>\n\t\t\t\t<\/div>\n\t\t\t\t<div class=\"elementor-element elementor-element-392c7f86 elementor-widget elementor-widget-heading\" data-id=\"392c7f86\" data-element_type=\"widget\" data-widget_type=\"heading.default\">\n\t\t\t\t<div class=\"elementor-widget-container\">\n\t\t\t<h5 class=\"elementor-heading-title elementor-size-default\">Queremos acompa\u00f1arte en la construcci\u00f3n de tu proyecto. \u00bfNos lo cuentas? Contacta con Forbacsa<\/h5>\t\t<\/div>\n\t\t\t\t<\/div>\n\t\t\t\t<div class=\"elementor-element elementor-element-647dbda1 elementor-widget elementor-widget-spacer\" data-id=\"647dbda1\" data-element_type=\"widget\" data-widget_type=\"spacer.default\">\n\t\t\t\t<div class=\"elementor-widget-container\">\n\t\t\t\t\t<div class=\"elementor-spacer\">\n\t\t\t<div class=\"elementor-spacer-inner\"><\/div>\n\t\t<\/div>\n\t\t\t\t<\/div>\n\t\t\t\t<\/div>\n\t\t\t\t<div class=\"elementor-element elementor-element-2845b13b elementor-widget elementor-widget-text-editor\" data-id=\"2845b13b\" data-element_type=\"widget\" data-widget_type=\"text-editor.default\">\n\t\t\t\t<div class=\"elementor-widget-container\">\n\t\t\t\t\t\t\t\t<div class=\"elementor-text-editor elementor-clearfix\">\n\t\t\t\t\t<p>Haznos llegar tu petici\u00f3n o consulta y nuestro equipo contactar\u00e1 contigo.<\/p>\n\t\t\t\t\t<\/div>\n\t\t\t\t\t\t<\/div>\n\t\t\t\t<\/div>\n\t\t\t\t<div class=\"elementor-element elementor-element-6168527b elementor-widget elementor-widget-spacer\" data-id=\"6168527b\" data-element_type=\"widget\" data-widget_type=\"spacer.default\">\n\t\t\t\t<div class=\"elementor-widget-container\">\n\t\t\t\t\t<div class=\"elementor-spacer\">\n\t\t\t<div class=\"elementor-spacer-inner\"><\/div>\n\t\t<\/div>\n\t\t\t\t<\/div>\n\t\t\t\t<\/div>\n\t\t\t\t<div class=\"elementor-element elementor-element-38498eee elementor-widget elementor-widget-contact-form-7\" data-id=\"38498eee\" data-element_type=\"widget\" data-widget_type=\"contact-form-7.default\">\n\t\t\t\t<div class=\"elementor-widget-container\">\n\t\t\t<div class=\"elementor-contact-form-7 jet-elements\"><div role=\"form\" class=\"wpcf7\" id=\"wpcf7-f3104-o1\" lang=\"ca\" dir=\"ltr\">\n<div class=\"screen-reader-response\"><p role=\"status\" aria-live=\"polite\" aria-atomic=\"true\"><\/p> <ul><\/ul><\/div>\n<form action=\"\/es\/wp-json\/wp\/v2\/pages\/3951#wpcf7-f3104-o1\" method=\"post\" class=\"wpcf7-form init\" enctype=\"multipart\/form-data\" novalidate=\"novalidate\" data-status=\"init\">\n<div style=\"display: none;\">\n<input type=\"hidden\" name=\"_wpcf7\" value=\"3104\" \/>\n<input type=\"hidden\" name=\"_wpcf7_version\" value=\"5.4.1\" \/>\n<input type=\"hidden\" name=\"_wpcf7_locale\" value=\"ca\" \/>\n<input type=\"hidden\" name=\"_wpcf7_unit_tag\" value=\"wpcf7-f3104-o1\" \/>\n<input type=\"hidden\" name=\"_wpcf7_container_post\" value=\"0\" \/>\n<input type=\"hidden\" name=\"_wpcf7_posted_data_hash\" value=\"\" \/>\n<\/div>\n<p><label> El teu nom (obligatori)<br \/>\n    <span class=\"wpcf7-form-control-wrap your-name\"><input type=\"text\" name=\"your-name\" value=\"\" size=\"40\" class=\"wpcf7-form-control wpcf7-text wpcf7-validates-as-required\" aria-required=\"true\" aria-invalid=\"false\" \/><\/span> <\/label><\/p>\n<p><label> El teu e-mail (obligatori)<br \/>\n    <span class=\"wpcf7-form-control-wrap your-email\"><input type=\"email\" name=\"your-email\" value=\"\" size=\"40\" class=\"wpcf7-form-control wpcf7-text wpcf7-email wpcf7-validates-as-required wpcf7-validates-as-email\" aria-required=\"true\" aria-invalid=\"false\" \/><\/span> <\/label><\/p>\n<p><label> Assumpte<br \/>\n    <span class=\"wpcf7-form-control-wrap your-subject\"><input type=\"text\" name=\"your-subject\" value=\"\" size=\"40\" class=\"wpcf7-form-control wpcf7-text\" aria-invalid=\"false\" \/><\/span> <\/label><\/p>\n<p><label> El teu missatge<br \/>\n    <span class=\"wpcf7-form-control-wrap your-message\"><textarea name=\"your-message\" cols=\"40\" rows=\"10\" class=\"wpcf7-form-control wpcf7-textarea\" aria-invalid=\"false\"><\/textarea><\/span> <\/label><\/p>\n<p><span class=\"wpcf7-form-control-wrap file-457\"><input type=\"file\" name=\"file-457\" size=\"40\" class=\"wpcf7-form-control wpcf7-file bar\" id=\"foo\" accept=\".pdf,.doc,.docx,.xls,.xlsx,.dwg,.rar,.zip\" aria-invalid=\"false\" \/><\/span><\/p>\n<p>Tractem les dades que ens facilita amb la finalitat de donar resposta a la consulta sobre els nostres productes i serveis per qualsevol mitj\u00e0(postal, email o tel\u00e8fon). Les dades proporcionades es conservaran mentre no ho sol\u00b7liciti i no se cediran a tercers, excepte en els casos en qu\u00e8 s'hagi de fer per una obligaci\u00f3 legal. Vost\u00e8 t\u00e9 dret a obtenir confirmaci\u00f3 sobre si a FORBACSA estem tractant les seves dades personals, rectificar les dades inexactes o sol\u00b7licitar l'eliminaci\u00f3 quan ja no siguin necessaris per a les finalitats que van ser recollits. Abans d'enviar el missatge ha d'acceptar nostra <a href=\"https:\/\/forbacsa.com\/politica-de-privacitat\/\" target=\"blank\" rel=\"nofollow\">pol\u00edtica de privacitat<\/a><\/p>\n<p><span class=\"wpcf7-form-control-wrap acceptance-892\"><span class=\"wpcf7-form-control wpcf7-acceptance\"><span class=\"wpcf7-list-item\"><label><input type=\"checkbox\" name=\"acceptance-892\" value=\"1\" aria-invalid=\"false\" \/><span class=\"wpcf7-list-item-label\">Declaro que he llegit i accepto la <a href=\"https:\/\/forbacsa.com\/politica-de-privacitat\/\" target=\"blank\" rel=\"nofollow\">pol\u00edtica de privacitat<\/a><\/span><\/label><\/span><\/span><\/span><\/p>\n<p><span class=\"wpcf7-form-control-wrap acceptance-838\"><span class=\"wpcf7-form-control wpcf7-acceptance optional\"><span class=\"wpcf7-list-item\"><label><input type=\"checkbox\" name=\"acceptance-838\" value=\"1\" aria-invalid=\"false\" \/><span class=\"wpcf7-list-item-label\">Autoritzo a rebre missatges publicitaris de serveis relacionats<\/span><\/label><\/span><\/span><\/span><\/p>\n<p><span class=\"wpcf7-form-control-wrap acceptance-550\"><span class=\"wpcf7-form-control wpcf7-acceptance optional\"><span class=\"wpcf7-list-item\"><label><input type=\"checkbox\" name=\"acceptance-550\" value=\"1\" aria-invalid=\"false\" \/><span class=\"wpcf7-list-item-label\">Vull subscriure'm a la NEWSLETTER<\/span><\/label><\/span><\/span><\/span><\/p>\n<p><div id=\"cf7sr-69d8f5e826341\" class=\"cf7sr-g-recaptcha\" data-sitekey=\"6Lc2oOsUAAAAAP9X6J4piv6C23EMVflu5Fu24UcU\"><\/div><span class=\"wpcf7-form-control-wrap cf7sr-recaptcha\" data-name=\"cf7sr-recaptcha\"><input type=\"hidden\" name=\"cf7sr-recaptcha\" value=\"\" class=\"wpcf7-form-control\"><\/span><\/p>\n<p><input type=\"submit\" value=\"Enviar\" class=\"wpcf7-form-control wpcf7-submit\" \/><\/p>\n<div class=\"wpcf7-response-output\" aria-hidden=\"true\"><\/div><\/form><\/div><\/div>\t\t<\/div>\n\t\t\t\t<\/div>\n\t\t\t\t\t\t<\/div>\n\t\t\t\t\t<\/div>\n\t\t<\/div>\n\t\t\t\t\t\t\t\t<\/div>\n\t\t\t\t\t<\/div>\n\t\t<\/section>\n\t\t\t\t\t\t<\/div>\n\t\t\t\t\t\t<\/div>\n\t\t\t\t\t<\/div>\n\t\t","protected":false},"excerpt":{"rendered":"<p>Informaci\u00f3n de contacto Queremos acompa\u00f1arte en la construcci\u00f3n de tu proyecto. \u00bfNos lo cuentas? Contacta con Forbacsa Haznos llegar tu petici\u00f3n o consulta y nuestro equipo contactar\u00e1 contigo. El teu nom (obligatori) El teu e-mail (obligatori) Assumpte El teu missatge Tractem les dades que ens facilita amb la finalitat de donar resposta a la consulta &hellip;<\/p>\n","protected":false},"author":3,"featured_media":0,"parent":0,"menu_order":0,"comment_status":"closed","ping_status":"closed","template":"","meta":[],"_links":{"self":[{"href":"https:\/\/forbacsa.com\/es\/wp-json\/wp\/v2\/pages\/3951"}],"collection":[{"href":"https:\/\/forbacsa.com\/es\/wp-json\/wp\/v2\/pages"}],"about":[{"href":"https:\/\/forbacsa.com\/es\/wp-json\/wp\/v2\/types\/page"}],"author":[{"embeddable":true,"href":"https:\/\/forbacsa.com\/es\/wp-json\/wp\/v2\/users\/3"}],"replies":[{"embeddable":true,"href":"https:\/\/forbacsa.com\/es\/wp-json\/wp\/v2\/comments?post=3951"}],"version-history":[{"count":17,"href":"https:\/\/forbacsa.com\/es\/wp-json\/wp\/v2\/pages\/3951\/revisions"}],"predecessor-version":[{"id":4209,"href":"https:\/\/forbacsa.com\/es\/wp-json\/wp\/v2\/pages\/3951\/revisions\/4209"}],"wp:attachment":[{"href":"https:\/\/forbacsa.com\/es\/wp-json\/wp\/v2\/media?parent=3951"}],"curies":[{"name":"wp","href":"https:\/\/api.w.org\/{rel}","templated":true}]}}