{"id":3960,"date":"2018-12-22T18:21:35","date_gmt":"2018-12-22T17:21:35","guid":{"rendered":"http:\/\/forbacsa.com\/ejecucion-de-estructuras-y-cimentacion\/"},"modified":"2019-02-23T13:25:06","modified_gmt":"2019-02-23T12:25:06","slug":"ejecucion-estructuras","status":"publish","type":"page","link":"https:\/\/forbacsa.com\/es\/ejecucion-estructuras\/","title":{"rendered":"Ejecuci\u00f3n de estructuras y cimentaci\u00f3n"},"content":{"rendered":"\t\t<div data-elementor-type=\"wp-post\" data-elementor-id=\"3960\" class=\"elementor elementor-3960 elementor-3698 elementor-bc-flex-widget\" data-elementor-settings=\"[]\">\n\t\t\t\t\t\t<div class=\"elementor-inner\">\n\t\t\t\t\t\t\t<div class=\"elementor-section-wrap\">\n\t\t\t\t\t\t\t<section class=\"elementor-section elementor-top-section elementor-element elementor-element-f5376bc elementor-section-boxed elementor-section-height-default elementor-section-height-default\" data-id=\"f5376bc\" data-element_type=\"section\">\n\t\t\t\t\t\t<div class=\"elementor-container elementor-column-gap-default\">\n\t\t\t\t\t\t\t<div class=\"elementor-row\">\n\t\t\t\t\t<div class=\"elementor-column elementor-col-50 elementor-top-column elementor-element elementor-element-db74697\" data-id=\"db74697\" data-element_type=\"column\">\n\t\t\t<div class=\"elementor-column-wrap elementor-element-populated\">\n\t\t\t\t\t\t\t<div class=\"elementor-widget-wrap\">\n\t\t\t\t\t\t<div class=\"elementor-element elementor-element-6deefe2 elementor-widget elementor-widget-heading\" data-id=\"6deefe2\" data-element_type=\"widget\" data-widget_type=\"heading.default\">\n\t\t\t\t<div class=\"elementor-widget-container\">\n\t\t\t<h1 class=\"elementor-heading-title elementor-size-small\">Ejecuci\u00f3n de estructuras y cimentaci\u00f3n<\/h1>\t\t<\/div>\n\t\t\t\t<\/div>\n\t\t\t\t<div class=\"elementor-element elementor-element-b4c1e2e elementor-widget elementor-widget-image\" data-id=\"b4c1e2e\" data-element_type=\"widget\" data-widget_type=\"image.default\">\n\t\t\t\t<div class=\"elementor-widget-container\">\n\t\t\t\t\t\t\t\t<div class=\"elementor-image\">\n\t\t\t\t\t\t\t\t\t\t\t\t<img width=\"1170\" height=\"658\" src=\"https:\/\/forbacsa.com\/wp-content\/uploads\/2019\/02\/image33.jpg\" class=\"attachment-buildwall-thumb-xl size-buildwall-thumb-xl\" alt=\"\" loading=\"lazy\" srcset=\"https:\/\/forbacsa.com\/wp-content\/uploads\/2019\/02\/image33.jpg 1170w, https:\/\/forbacsa.com\/wp-content\/uploads\/2019\/02\/image33-300x169.jpg 300w, https:\/\/forbacsa.com\/wp-content\/uploads\/2019\/02\/image33-768x432.jpg 768w, https:\/\/forbacsa.com\/wp-content\/uploads\/2019\/02\/image33-1024x576.jpg 1024w, https:\/\/forbacsa.com\/wp-content\/uploads\/2019\/02\/image33-360x203.jpg 360w, https:\/\/forbacsa.com\/wp-content\/uploads\/2019\/02\/image33-870x489.jpg 870w, https:\/\/forbacsa.com\/wp-content\/uploads\/2019\/02\/image33-560x315.jpg 560w, https:\/\/forbacsa.com\/wp-content\/uploads\/2019\/02\/image33-270x153.jpg 270w, https:\/\/forbacsa.com\/wp-content\/uploads\/2019\/02\/image33-480x271.jpg 480w, https:\/\/forbacsa.com\/wp-content\/uploads\/2019\/02\/image33-570x321.jpg 570w\" sizes=\"(max-width: 1170px) 100vw, 1170px\" \/>\t\t\t\t\t\t\t\t\t\t\t\t\t\t<\/div>\n\t\t\t\t\t\t<\/div>\n\t\t\t\t<\/div>\n\t\t\t\t<div class=\"elementor-element elementor-element-dd68593 elementor-widget elementor-widget-spacer\" data-id=\"dd68593\" data-element_type=\"widget\" data-widget_type=\"spacer.default\">\n\t\t\t\t<div class=\"elementor-widget-container\">\n\t\t\t\t\t<div class=\"elementor-spacer\">\n\t\t\t<div class=\"elementor-spacer-inner\"><\/div>\n\t\t<\/div>\n\t\t\t\t<\/div>\n\t\t\t\t<\/div>\n\t\t\t\t<div class=\"elementor-element elementor-element-033ca15 elementor-widget elementor-widget-heading\" data-id=\"033ca15\" data-element_type=\"widget\" data-widget_type=\"heading.default\">\n\t\t\t\t<div class=\"elementor-widget-container\">\n\t\t\t<h2 class=\"elementor-heading-title elementor-size-small\">Trabajamos en la ejecuci\u00f3n de las estructuras de hormig\u00f3n armado y la cimentaci\u00f3n<\/h2>\t\t<\/div>\n\t\t\t\t<\/div>\n\t\t\t\t<div class=\"elementor-element elementor-element-8b66c63 elementor-widget elementor-widget-spacer\" data-id=\"8b66c63\" data-element_type=\"widget\" data-widget_type=\"spacer.default\">\n\t\t\t\t<div class=\"elementor-widget-container\">\n\t\t\t\t\t<div class=\"elementor-spacer\">\n\t\t\t<div class=\"elementor-spacer-inner\"><\/div>\n\t\t<\/div>\n\t\t\t\t<\/div>\n\t\t\t\t<\/div>\n\t\t\t\t<div class=\"elementor-element elementor-element-853cd41 elementor-widget-divider--view-line elementor-widget elementor-widget-divider\" data-id=\"853cd41\" data-element_type=\"widget\" data-widget_type=\"divider.default\">\n\t\t\t\t<div class=\"elementor-widget-container\">\n\t\t\t\t\t<div class=\"elementor-divider\">\n\t\t\t<span class=\"elementor-divider-separator\">\n\t\t\t\t\t\t<\/span>\n\t\t<\/div>\n\t\t\t\t<\/div>\n\t\t\t\t<\/div>\n\t\t\t\t<div class=\"elementor-element elementor-element-8dd6eb3 elementor-widget elementor-widget-spacer\" data-id=\"8dd6eb3\" data-element_type=\"widget\" data-widget_type=\"spacer.default\">\n\t\t\t\t<div class=\"elementor-widget-container\">\n\t\t\t\t\t<div class=\"elementor-spacer\">\n\t\t\t<div class=\"elementor-spacer-inner\"><\/div>\n\t\t<\/div>\n\t\t\t\t<\/div>\n\t\t\t\t<\/div>\n\t\t\t\t<div class=\"elementor-element elementor-element-6fcb8b1 elementor-widget elementor-widget-text-editor\" data-id=\"6fcb8b1\" data-element_type=\"widget\" data-widget_type=\"text-editor.default\">\n\t\t\t\t<div class=\"elementor-widget-container\">\n\t\t\t\t\t\t\t\t<div class=\"elementor-text-editor elementor-clearfix\">\n\t\t\t\t\t<p>Te ofrecemos <strong>mano de obra especializada<\/strong> que trabaja en la ejecuci\u00f3n de la edificaci\u00f3n de manera efectiva y de calidad, utilizando los medios auxiliares m\u00e1s adecuados.<\/p>\n<ul>\n<li>Dirigimos y supervisamos el trabajo de los equipos durante la ejecuci\u00f3n de la estructura.<\/li>\n<li>Velamos por la seguridad individual y colectiva de todo el personal que interviene en el proceso estructural.<\/li>\n<\/ul>\n\t\t\t\t\t<\/div>\n\t\t\t\t\t\t<\/div>\n\t\t\t\t<\/div>\n\t\t\t\t\t\t<\/div>\n\t\t\t\t\t<\/div>\n\t\t<\/div>\n\t\t\t\t<div class=\"elementor-column elementor-col-50 elementor-top-column elementor-element elementor-element-37d7\" data-id=\"37d7\" data-element_type=\"column\">\n\t\t\t<div class=\"elementor-column-wrap elementor-element-populated\">\n\t\t\t\t\t\t\t<div class=\"elementor-widget-wrap\">\n\t\t\t\t\t\t<div class=\"elementor-element elementor-element-213d elementor-widget elementor-widget-heading\" data-id=\"213d\" data-element_type=\"widget\" data-widget_type=\"heading.default\">\n\t\t\t\t<div class=\"elementor-widget-container\">\n\t\t\t<h5 class=\"elementor-heading-title elementor-size-default\">HORARIO DE OFICINA<\/h5>\t\t<\/div>\n\t\t\t\t<\/div>\n\t\t\t\t<div class=\"elementor-element elementor-element-6d32 elementor-widget elementor-widget-spacer\" data-id=\"6d32\" data-element_type=\"widget\" data-widget_type=\"spacer.default\">\n\t\t\t\t<div class=\"elementor-widget-container\">\n\t\t\t\t\t<div class=\"elementor-spacer\">\n\t\t\t<div class=\"elementor-spacer-inner\"><\/div>\n\t\t<\/div>\n\t\t\t\t<\/div>\n\t\t\t\t<\/div>\n\t\t\t\t<div class=\"elementor-element elementor-element-6a83 elementor-widget-divider--view-line elementor-widget elementor-widget-divider\" data-id=\"6a83\" data-element_type=\"widget\" data-widget_type=\"divider.default\">\n\t\t\t\t<div class=\"elementor-widget-container\">\n\t\t\t\t\t<div class=\"elementor-divider\">\n\t\t\t<span class=\"elementor-divider-separator\">\n\t\t\t\t\t\t<\/span>\n\t\t<\/div>\n\t\t\t\t<\/div>\n\t\t\t\t<\/div>\n\t\t\t\t<div class=\"elementor-element elementor-element-7400 elementor-widget elementor-widget-spacer\" data-id=\"7400\" data-element_type=\"widget\" data-widget_type=\"spacer.default\">\n\t\t\t\t<div class=\"elementor-widget-container\">\n\t\t\t\t\t<div class=\"elementor-spacer\">\n\t\t\t<div class=\"elementor-spacer-inner\"><\/div>\n\t\t<\/div>\n\t\t\t\t<\/div>\n\t\t\t\t<\/div>\n\t\t\t\t<div class=\"elementor-element elementor-element-c7cc310 elementor-icon-list--layout-traditional elementor-list-item-link-full_width elementor-widget elementor-widget-icon-list\" data-id=\"c7cc310\" data-element_type=\"widget\" data-widget_type=\"icon-list.default\">\n\t\t\t\t<div class=\"elementor-widget-container\">\n\t\t\t\t\t<ul class=\"elementor-icon-list-items\">\n\t\t\t\t\t\t\t<li class=\"elementor-icon-list-item\">\n\t\t\t\t\t\t\t\t\t\t\t<span class=\"elementor-icon-list-icon\">\n\t\t\t\t\t\t\t\t\t\t\t\t\t\t\t\t<i class=\"nc-icon-mini ui-2_time-clock\" aria-hidden=\"true\"><\/i>\n\t\t\t\t\t\t\t\t\t\t\t\t\t<\/span>\n\t\t\t\t\t\t\t\t\t\t<span class=\"elementor-icon-list-text\">Lu-Vi: 08:00h-19:00h<\/span>\n\t\t\t\t\t\t\t\t\t<\/li>\n\t\t\t\t\t\t<\/ul>\n\t\t\t\t<\/div>\n\t\t\t\t<\/div>\n\t\t\t\t<div class=\"elementor-element elementor-element-52325bf elementor-widget elementor-widget-spacer\" data-id=\"52325bf\" data-element_type=\"widget\" data-widget_type=\"spacer.default\">\n\t\t\t\t<div class=\"elementor-widget-container\">\n\t\t\t\t\t<div class=\"elementor-spacer\">\n\t\t\t<div class=\"elementor-spacer-inner\"><\/div>\n\t\t<\/div>\n\t\t\t\t<\/div>\n\t\t\t\t<\/div>\n\t\t\t\t<section class=\"elementor-section elementor-inner-section elementor-element elementor-element-b56 elementor-section-boxed elementor-section-height-default elementor-section-height-default\" data-id=\"b56\" data-element_type=\"section\" data-settings=\"{&quot;background_background&quot;:&quot;video&quot;}\">\n\t\t\t\t\t\t<div class=\"elementor-container elementor-column-gap-default\">\n\t\t\t\t\t\t\t<div class=\"elementor-row\">\n\t\t\t\t\t<div class=\"elementor-column elementor-col-100 elementor-inner-column elementor-element elementor-element-1171\" data-id=\"1171\" data-element_type=\"column\" data-settings=\"{&quot;background_background&quot;:&quot;classic&quot;}\">\n\t\t\t<div class=\"elementor-column-wrap elementor-element-populated\">\n\t\t\t\t\t\t\t<div class=\"elementor-widget-wrap\">\n\t\t\t\t\t\t<div class=\"elementor-element elementor-element-e14a939 elementor-widget elementor-widget-image\" data-id=\"e14a939\" data-element_type=\"widget\" data-widget_type=\"image.default\">\n\t\t\t\t<div class=\"elementor-widget-container\">\n\t\t\t\t\t\t\t\t<div class=\"elementor-image\">\n\t\t\t\t\t\t\t\t\t\t\t\t<img width=\"270\" height=\"202\" src=\"https:\/\/forbacsa.com\/wp-content\/uploads\/2019\/02\/image16.jpg\" class=\"attachment-large size-large\" alt=\"\" loading=\"lazy\" srcset=\"https:\/\/forbacsa.com\/wp-content\/uploads\/2019\/02\/image16.jpg 270w, https:\/\/forbacsa.com\/wp-content\/uploads\/2019\/02\/image16-100x76.jpg 100w\" sizes=\"(max-width: 270px) 100vw, 270px\" \/>\t\t\t\t\t\t\t\t\t\t\t\t\t\t<\/div>\n\t\t\t\t\t\t<\/div>\n\t\t\t\t<\/div>\n\t\t\t\t<div class=\"elementor-element elementor-element-3af5 elementor-widget elementor-widget-heading\" data-id=\"3af5\" data-element_type=\"widget\" data-widget_type=\"heading.default\">\n\t\t\t\t<div class=\"elementor-widget-container\">\n\t\t\t<h5 class=\"elementor-heading-title elementor-size-small\">\u00bfTienes alguna pregunta?<\/h5>\t\t<\/div>\n\t\t\t\t<\/div>\n\t\t\t\t<div class=\"elementor-element elementor-element-1b5c4b6 elementor-widget elementor-widget-spacer\" data-id=\"1b5c4b6\" data-element_type=\"widget\" data-widget_type=\"spacer.default\">\n\t\t\t\t<div class=\"elementor-widget-container\">\n\t\t\t\t\t<div class=\"elementor-spacer\">\n\t\t\t<div class=\"elementor-spacer-inner\"><\/div>\n\t\t<\/div>\n\t\t\t\t<\/div>\n\t\t\t\t<\/div>\n\t\t\t\t<div class=\"elementor-element elementor-element-708a elementor-widget elementor-widget-text-editor\" data-id=\"708a\" data-element_type=\"widget\" data-widget_type=\"text-editor.default\">\n\t\t\t\t<div class=\"elementor-widget-container\">\n\t\t\t\t\t\t\t\t<div class=\"elementor-text-editor elementor-clearfix\">\n\t\t\t\t\t<p>Haznos llegar tu consulta y nuestro equipo contactar\u00e1 contigo.<\/p>\n\t\t\t\t\t<\/div>\n\t\t\t\t\t\t<\/div>\n\t\t\t\t<\/div>\n\t\t\t\t<div class=\"elementor-element elementor-element-26fb elementor-widget elementor-widget-spacer\" data-id=\"26fb\" data-element_type=\"widget\" data-widget_type=\"spacer.default\">\n\t\t\t\t<div class=\"elementor-widget-container\">\n\t\t\t\t\t<div class=\"elementor-spacer\">\n\t\t\t<div class=\"elementor-spacer-inner\"><\/div>\n\t\t<\/div>\n\t\t\t\t<\/div>\n\t\t\t\t<\/div>\n\t\t\t\t<div class=\"elementor-element elementor-element-9ee948d elementor-align-center elementor-widget elementor-widget-button\" data-id=\"9ee948d\" data-element_type=\"widget\" data-widget_type=\"button.default\">\n\t\t\t\t<div class=\"elementor-widget-container\">\n\t\t\t\t\t<div class=\"elementor-button-wrapper\">\n\t\t\t<a href=\"https:\/\/forbacsa.com\/es\/contacta\/\" class=\"elementor-button-link elementor-button elementor-size-sm\" role=\"button\">\n\t\t\t\t\t\t<span class=\"elementor-button-content-wrapper\">\n\t\t\t\t\t\t<span class=\"elementor-button-text\">Quiero contactar<\/span>\n\t\t<\/span>\n\t\t\t\t\t<\/a>\n\t\t<\/div>\n\t\t\t\t<\/div>\n\t\t\t\t<\/div>\n\t\t\t\t\t\t<\/div>\n\t\t\t\t\t<\/div>\n\t\t<\/div>\n\t\t\t\t\t\t\t\t<\/div>\n\t\t\t\t\t<\/div>\n\t\t<\/section>\n\t\t\t\t\t\t<\/div>\n\t\t\t\t\t<\/div>\n\t\t<\/div>\n\t\t\t\t\t\t\t\t<\/div>\n\t\t\t\t\t<\/div>\n\t\t<\/section>\n\t\t\t\t\t\t<\/div>\n\t\t\t\t\t\t<\/div>\n\t\t\t\t\t<\/div>\n\t\t","protected":false},"excerpt":{"rendered":"<p>Ejecuci\u00f3n de estructuras y cimentaci\u00f3n Trabajamos en la ejecuci\u00f3n de las estructuras de hormig\u00f3n armado y la cimentaci\u00f3n Te ofrecemos mano de obra especializada que trabaja en la ejecuci\u00f3n de la edificaci\u00f3n de manera efectiva y de calidad, utilizando los medios auxiliares m\u00e1s adecuados. Dirigimos y supervisamos el trabajo de los equipos durante la ejecuci\u00f3n &hellip;<\/p>\n","protected":false},"author":3,"featured_media":0,"parent":0,"menu_order":0,"comment_status":"closed","ping_status":"closed","template":"","meta":[],"_links":{"self":[{"href":"https:\/\/forbacsa.com\/es\/wp-json\/wp\/v2\/pages\/3960"}],"collection":[{"href":"https:\/\/forbacsa.com\/es\/wp-json\/wp\/v2\/pages"}],"about":[{"href":"https:\/\/forbacsa.com\/es\/wp-json\/wp\/v2\/types\/page"}],"author":[{"embeddable":true,"href":"https:\/\/forbacsa.com\/es\/wp-json\/wp\/v2\/users\/3"}],"replies":[{"embeddable":true,"href":"https:\/\/forbacsa.com\/es\/wp-json\/wp\/v2\/comments?post=3960"}],"version-history":[{"count":4,"href":"https:\/\/forbacsa.com\/es\/wp-json\/wp\/v2\/pages\/3960\/revisions"}],"predecessor-version":[{"id":4268,"href":"https:\/\/forbacsa.com\/es\/wp-json\/wp\/v2\/pages\/3960\/revisions\/4268"}],"wp:attachment":[{"href":"https:\/\/forbacsa.com\/es\/wp-json\/wp\/v2\/media?parent=3960"}],"curies":[{"name":"wp","href":"https:\/\/api.w.org\/{rel}","templated":true}]}}